{"id":1377,"date":"2022-12-20T17:49:50","date_gmt":"2022-12-20T16:49:50","guid":{"rendered":"https:\/\/www.fibercom.de\/rechenzentrum\/"},"modified":"2023-01-12T11:27:36","modified_gmt":"2023-01-12T10:27:36","slug":"rechenzentrum","status":"publish","type":"page","link":"https:\/\/www.fibercom.de\/en\/rechenzentrum\/","title":{"rendered":"Rechenzentrum"},"content":{"rendered":"<div data-elementor-type=\"wp-page\" data-elementor-id=\"1377\" class=\"elementor elementor-1377\">\n\t\t\t\t\t\t<section class=\"elementor-section elementor-top-section elementor-element elementor-element-677b56ac elementor-section-height-min-height elementor-section-boxed elementor-section-height-default elementor-section-items-middle\" data-id=\"677b56ac\" data-element_type=\"section\" data-settings=\"{&quot;background_background&quot;:&quot;gradient&quot;}\">\n\t\t\t\t\t\t<div class=\"elementor-container elementor-column-gap-default\">\n\t\t\t\t\t<div class=\"elementor-column elementor-col-50 elementor-top-column elementor-element elementor-element-cdfc44a\" data-id=\"cdfc44a\" data-element_type=\"column\">\n\t\t\t<div class=\"elementor-widget-wrap elementor-element-populated\">\n\t\t\t\t\t\t<div class=\"elementor-element elementor-element-4322f967 elementor-widget elementor-widget-heading\" data-id=\"4322f967\" data-element_type=\"widget\" data-widget_type=\"heading.default\">\n\t\t\t\t<div class=\"elementor-widget-container\">\n\t\t\t<span class=\"elementor-heading-title elementor-size-default\">DATA CENTER<\/span>\t\t<\/div>\n\t\t\t\t<\/div>\n\t\t\t\t<div class=\"elementor-element elementor-element-52a4cb3f animated-fast elementor-invisible elementor-widget elementor-widget-heading\" data-id=\"52a4cb3f\" data-element_type=\"widget\" data-settings=\"{&quot;_animation&quot;:&quot;fadeInUp&quot;,&quot;_animation_delay&quot;:200}\" data-widget_type=\"heading.default\">\n\t\t\t\t<div class=\"elementor-widget-container\">\n\t\t\t<h1 class=\"elementor-heading-title elementor-size-default\">Energy efficient, secure and scalable<\/h1>\t\t<\/div>\n\t\t\t\t<\/div>\n\t\t\t\t\t<\/div>\n\t\t<\/div>\n\t\t\t\t<div class=\"elementor-column elementor-col-50 elementor-top-column elementor-element elementor-element-6ac99d2b elementor-hidden-mobile\" data-id=\"6ac99d2b\" data-element_type=\"column\">\n\t\t\t<div class=\"elementor-widget-wrap\">\n\t\t\t\t\t\t\t<\/div>\n\t\t<\/div>\n\t\t\t\t\t<\/div>\n\t\t<\/section>\n\t\t\t\t<section class=\"elementor-section elementor-top-section elementor-element elementor-element-8834dee elementor-section-boxed elementor-section-height-default elementor-section-height-default\" data-id=\"8834dee\" data-element_type=\"section\">\n\t\t\t\t\t\t<div class=\"elementor-container elementor-column-gap-default\">\n\t\t\t\t\t<div class=\"elementor-column elementor-col-100 elementor-top-column elementor-element elementor-element-7d7281d5\" data-id=\"7d7281d5\" data-element_type=\"column\">\n\t\t\t<div class=\"elementor-widget-wrap elementor-element-populated\">\n\t\t\t\t\t\t<div class=\"elementor-element elementor-element-787abb32 elementor-widget elementor-widget-image\" data-id=\"787abb32\" data-element_type=\"widget\" data-widget_type=\"image.default\">\n\t\t\t\t<div class=\"elementor-widget-container\">\n\t\t\t\t\t\t\t\t\t\t\t\t\t<img fetchpriority=\"high\" decoding=\"async\" width=\"800\" height=\"583\" src=\"https:\/\/www.fibercom.de\/wp-content\/uploads\/pexels-photo-325229-1-1024x746.jpeg\" class=\"attachment-large size-large wp-image-2130\" alt=\"| Fibercom Kommunikationsnetzwerke\" srcset=\"https:\/\/www.fibercom.de\/wp-content\/uploads\/pexels-photo-325229-1-1024x746.jpeg 1024w, https:\/\/www.fibercom.de\/wp-content\/uploads\/pexels-photo-325229-1-300x219.jpeg 300w, https:\/\/www.fibercom.de\/wp-content\/uploads\/pexels-photo-325229-1-768x560.jpeg 768w, https:\/\/www.fibercom.de\/wp-content\/uploads\/pexels-photo-325229-1-1536x1119.jpeg 1536w, https:\/\/www.fibercom.de\/wp-content\/uploads\/pexels-photo-325229-1-16x12.jpeg 16w, https:\/\/www.fibercom.de\/wp-content\/uploads\/pexels-photo-325229-1.jpeg 1921w\" sizes=\"(max-width: 800px) 100vw, 800px\" title=\"| Fibercom communication networks\">\t\t\t\t\t\t\t\t\t\t\t\t\t<\/div>\n\t\t\t\t<\/div>\n\t\t\t\t<div class=\"elementor-element elementor-element-181c1bb7 elementor-widget elementor-widget-html\" data-id=\"181c1bb7\" data-element_type=\"widget\" data-widget_type=\"html.default\">\n\t\t\t\t<div class=\"elementor-widget-container\">\n\t\t\t<div class=\"entrymark\">\r\n<div class=\"marquee\">\r\n  <div class=\"track\">\r\n    <div class=\"content\"> Network Engineering + Security + Electrical &amp; Automation + Documentation + IT Support + Telecom &amp; VOIP + Network <\/div>\r\n    \r\n  <\/div>\r\n<\/div>\r\n<\/div>\r\n<style>\r\n.entrymark .track {\r\n    animation: marquee 12s linear infinite !important;\r\n     \r\n  \r\n}\r\n    .entrymark {\r\n        position: relative;\r\n        \r\n    }\r\n    .entrymark .marquee {\r\n        position: relative;\r\n        margin-top: 1vw;\r\n        margin-bottom: -2vw;\r\n        height: 11vw;\r\n        \r\n    }\r\n    .entrymark .track {\r\n        position: relative;\r\n\r\n    }\r\n    .entrymark .content {\r\n                font-size: 10vw !important;\r\n                text-align: left !important;\r\n                width: 600vw !important;\r\n                animation: none;\r\n               \r\n\r\n    }\r\n    \r\n<\/style>\t\t<\/div>\n\t\t\t\t<\/div>\n\t\t\t\t\t<\/div>\n\t\t<\/div>\n\t\t\t\t\t<\/div>\n\t\t<\/section>\n\t\t\t\t<main class=\"elementor-section elementor-top-section elementor-element elementor-element-23848b4e elementor-section-full_width elementor-section-height-min-height elementor-section-items-stretch elementor-reverse-mobile elementor-section-height-default\" data-id=\"23848b4e\" data-element_type=\"section\">\n\t\t\t\t\t\t<div class=\"elementor-container elementor-column-gap-no\">\n\t\t\t\t\t<div class=\"elementor-column elementor-col-50 elementor-top-column elementor-element elementor-element-59c2fcd2\" data-id=\"59c2fcd2\" data-element_type=\"column\">\n\t\t\t<div class=\"elementor-widget-wrap elementor-element-populated\">\n\t\t\t\t\t\t<section class=\"elementor-section elementor-inner-section elementor-element elementor-element-49886b9e elementor-section-boxed elementor-section-height-default elementor-section-height-default\" data-id=\"49886b9e\" data-element_type=\"section\">\n\t\t\t\t\t\t<div class=\"elementor-container elementor-column-gap-default\">\n\t\t\t\t\t<div class=\"elementor-column elementor-col-100 elementor-inner-column elementor-element elementor-element-2a462b\" data-id=\"2a462b\" data-element_type=\"column\">\n\t\t\t<div class=\"elementor-widget-wrap elementor-element-populated\">\n\t\t\t\t\t\t<div class=\"elementor-element elementor-element-9259e00 elementor-widget elementor-widget-heading\" data-id=\"9259e00\" data-element_type=\"widget\" data-widget_type=\"heading.default\">\n\t\t\t\t<div class=\"elementor-widget-container\">\n\t\t\t<span class=\"elementor-heading-title elementor-size-default\">DATA CENTER<\/span>\t\t<\/div>\n\t\t\t\t<\/div>\n\t\t\t\t<div class=\"elementor-element elementor-element-38f0efb1 animated-fast elementor-invisible elementor-widget elementor-widget-text-editor\" data-id=\"38f0efb1\" data-element_type=\"widget\" data-settings=\"{&quot;_animation&quot;:&quot;fadeInUp&quot;,&quot;_animation_delay&quot;:400}\" data-widget_type=\"text-editor.default\">\n\t\t\t\t<div class=\"elementor-widget-container\">\n\t\t\t\t\t\t\t<p>The constant use of fiber optic cables, resulting in rapid changes in information technology, not only poses ecological challenges for data centers today. Very often, the spatial and infrastructural conditions do not grow with the requirements of the IT landscape in them.<\/p><p>As a reliable partner, Fibercom supports you in analyzing your data center and thereby quickly implementing recognizable optimizations. Depending on your security requirements and technical possibilities, we support you in the planning, implementation and operation of your data center.<\/p><p><strong>WE CONCENTRATE OURSELVES<\/strong><br \/><strong>ON THE FOLLOWING PRIORITIES:<\/strong><\/p><ul><li>environment and risk potential<\/li><li>Construction and spatial conditions<\/li><li>Supply and safety technology<\/li><li>Room or area conception<\/li><li>Data backup and backup solution<\/li><li>structured data cabling<\/li><li>Measures to save energy \u2013 Green IT<\/li><\/ul><p>When moving or relocating your information technology, we guarantee smooth transport without data loss with the shortest possible downtime. Precisely coordinated schedules and many years of experience in dealing with highly complex, sensitive systems help us with this.<\/p><p><strong>We would be happy to explain these options to you in a personal meeting.<\/strong><\/p>\t\t\t\t\t\t<\/div>\n\t\t\t\t<\/div>\n\t\t\t\t<div class=\"elementor-element elementor-element-3cba7842 elementor-align-left elementor-widget__width-auto glasbutton hovbut elementor-widget elementor-widget-button\" data-id=\"3cba7842\" data-element_type=\"widget\" data-widget_type=\"button.default\">\n\t\t\t\t<div class=\"elementor-widget-container\">\n\t\t\t\t\t<div class=\"elementor-button-wrapper\">\n\t\t\t<a class=\"elementor-button elementor-button-link elementor-size-sm\" href=\"https:\/\/www.fibercom.de\/en\/kontakt\/\">\n\t\t\t\t\t\t<span class=\"elementor-button-content-wrapper\">\n\t\t\t\t\t\t<span class=\"elementor-button-icon\">\n\t\t\t\t<i aria-hidden=\"true\" class=\"fas fa-long-arrow-alt-right\"><\/i>\t\t\t<\/span>\n\t\t\t\t\t\t\t\t\t<span class=\"elementor-button-text\">Contact<\/span>\n\t\t\t\t\t<\/span>\n\t\t\t\t\t<\/a>\n\t\t<\/div>\n\t\t\t\t<\/div>\n\t\t\t\t<\/div>\n\t\t\t\t\t<\/div>\n\t\t<\/div>\n\t\t\t\t\t<\/div>\n\t\t<\/section>\n\t\t\t\t\t<\/div>\n\t\t<\/div>\n\t\t\t\t<div class=\"elementor-column elementor-col-50 elementor-top-column elementor-element elementor-element-17265300 elementor-hidden-tablet elementor-hidden-mobile\" data-id=\"17265300\" data-element_type=\"column\">\n\t\t\t<div class=\"elementor-widget-wrap\">\n\t\t\t\t\t\t\t<\/div>\n\t\t<\/div>\n\t\t\t\t\t<\/div>\n\t\t<\/main>\n\t\t\t\t<\/div>","protected":false},"excerpt":{"rendered":"<p>RECHENZENTRUM Energieeffizient, sicher und skalierbar Netzwerktechnik + Sicherheit + Elektro &amp; Automation + Dokumentation + IT-Support + Telekommunikation &amp; VOIP + Netzwerk RECHENZENTRUM Durch den stetigen unutzung von Glasfaserkabel erged schnellen Wandel in der Informationstechnik ergeben sich f\u00fcr Datacenter heute nicht nur \u00f6kologische Herausforderungen. Sehr h\u00e4ufig wachsen die r\u00e4umlichen und infrastrukturellen Gegebenheiten nicht mit den [&hellip;]<\/p>","protected":false},"author":7,"featured_media":2130,"parent":0,"menu_order":29,"comment_status":"closed","ping_status":"closed","template":"","meta":[],"acf":[],"_links":{"self":[{"href":"https:\/\/www.fibercom.de\/en\/wp-json\/wp\/v2\/pages\/1377"}],"collection":[{"href":"https:\/\/www.fibercom.de\/en\/wp-json\/wp\/v2\/pages"}],"about":[{"href":"https:\/\/www.fibercom.de\/en\/wp-json\/wp\/v2\/types\/page"}],"author":[{"embeddable":true,"href":"https:\/\/www.fibercom.de\/en\/wp-json\/wp\/v2\/users\/7"}],"replies":[{"embeddable":true,"href":"https:\/\/www.fibercom.de\/en\/wp-json\/wp\/v2\/comments?post=1377"}],"version-history":[{"count":4,"href":"https:\/\/www.fibercom.de\/en\/wp-json\/wp\/v2\/pages\/1377\/revisions"}],"predecessor-version":[{"id":4876,"href":"https:\/\/www.fibercom.de\/en\/wp-json\/wp\/v2\/pages\/1377\/revisions\/4876"}],"wp:featuredmedia":[{"embeddable":true,"href":"https:\/\/www.fibercom.de\/en\/wp-json\/wp\/v2\/media\/2130"}],"wp:attachment":[{"href":"https:\/\/www.fibercom.de\/en\/wp-json\/wp\/v2\/media?parent=1377"}],"curies":[{"name":"wp","href":"https:\/\/api.w.org\/{rel}","templated":true}]}}