{"id":1342,"date":"2022-12-20T17:49:47","date_gmt":"2022-12-20T16:49:47","guid":{"rendered":"https:\/\/www.fibercom.de\/seite-vorlage\/"},"modified":"2022-12-20T17:50:20","modified_gmt":"2022-12-20T16:50:20","slug":"seite-vorlage","status":"publish","type":"page","link":"https:\/\/www.fibercom.de\/en\/seite-vorlage\/","title":{"rendered":"Seite Vorlage"},"content":{"rendered":"<div data-elementor-type=\"wp-page\" data-elementor-id=\"1342\" class=\"elementor elementor-1342\">\n\t\t\t\t\t\t<main class=\"elementor-section elementor-top-section elementor-element elementor-element-13070b11 elementor-section-full_width elementor-section-height-min-height elementor-section-items-stretch elementor-reverse-mobile elementor-section-height-default\" data-id=\"13070b11\" data-element_type=\"section\" data-settings=\"{&quot;background_background&quot;:&quot;classic&quot;}\">\n\t\t\t\t\t\t<div class=\"elementor-container elementor-column-gap-no\">\n\t\t\t\t\t<div class=\"elementor-column elementor-col-50 elementor-top-column elementor-element elementor-element-3d1132ec\" data-id=\"3d1132ec\" data-element_type=\"column\">\n\t\t\t<div class=\"elementor-widget-wrap elementor-element-populated\">\n\t\t\t\t\t\t<section class=\"elementor-section elementor-inner-section elementor-element elementor-element-d01260 elementor-section-full_width elementor-section-height-default elementor-section-height-default\" data-id=\"d01260\" data-element_type=\"section\">\n\t\t\t\t\t\t<div class=\"elementor-container elementor-column-gap-default\">\n\t\t\t\t\t<div class=\"elementor-column elementor-col-33 elementor-inner-column elementor-element elementor-element-30ea1c65 elementor-hidden-tablet elementor-hidden-mobile\" data-id=\"30ea1c65\" data-element_type=\"column\">\n\t\t\t<div class=\"elementor-widget-wrap\">\n\t\t\t\t\t\t\t<\/div>\n\t\t<\/div>\n\t\t\t\t<div class=\"elementor-column elementor-col-33 elementor-inner-column elementor-element elementor-element-7bde1cf2\" data-id=\"7bde1cf2\" data-element_type=\"column\">\n\t\t\t<div class=\"elementor-widget-wrap elementor-element-populated\">\n\t\t\t\t\t\t<div class=\"elementor-element elementor-element-77849198 elementor-widget elementor-widget-heading\" data-id=\"77849198\" data-element_type=\"widget\" data-widget_type=\"heading.default\">\n\t\t\t\t<div class=\"elementor-widget-container\">\n\t\t\t<span class=\"elementor-heading-title elementor-size-default\">GLASS FIBER<\/span>\t\t<\/div>\n\t\t\t\t<\/div>\n\t\t\t\t<div class=\"elementor-element elementor-element-3f3e1c elementor-widget elementor-widget-heading\" data-id=\"3f3e1c\" data-element_type=\"widget\" data-widget_type=\"heading.default\">\n\t\t\t\t<div class=\"elementor-widget-container\">\n\t\t\t<h1 class=\"elementor-heading-title elementor-size-default\">The use of fiberglass\n<\/h1>\t\t<\/div>\n\t\t\t\t<\/div>\n\t\t\t\t<div class=\"elementor-element elementor-element-5400c59b elementor-widget elementor-widget-text-editor\" data-id=\"5400c59b\" data-element_type=\"widget\" data-widget_type=\"text-editor.default\">\n\t\t\t\t<div class=\"elementor-widget-container\">\n\t\t\t\t\t\t\t<p>In addition to the advantages of using fiber optic cable that have been shown so far, there are other advantages that we would like to briefly show you.<\/p>\t\t\t\t\t\t<\/div>\n\t\t\t\t<\/div>\n\t\t\t\t<div class=\"elementor-element elementor-element-210c7361 elementor-align-left elementor-widget__width-auto glasbutton hovbut elementor-widget elementor-widget-button\" data-id=\"210c7361\" data-element_type=\"widget\" data-widget_type=\"button.default\">\n\t\t\t\t<div class=\"elementor-widget-container\">\n\t\t\t\t\t<div class=\"elementor-button-wrapper\">\n\t\t\t<a class=\"elementor-button elementor-button-link elementor-size-lg\" href=\"https:\/\/www.fibercom.de\/en\/kontakt\/\">\n\t\t\t\t\t\t<span class=\"elementor-button-content-wrapper\">\n\t\t\t\t\t\t\t\t\t<span class=\"elementor-button-text\">Start now<\/span>\n\t\t\t\t\t<\/span>\n\t\t\t\t\t<\/a>\n\t\t<\/div>\n\t\t\t\t<\/div>\n\t\t\t\t<\/div>\n\t\t\t\t\t<\/div>\n\t\t<\/div>\n\t\t\t\t<div class=\"elementor-column elementor-col-33 elementor-inner-column elementor-element elementor-element-32cfbc1a\" data-id=\"32cfbc1a\" data-element_type=\"column\">\n\t\t\t<div class=\"elementor-widget-wrap\">\n\t\t\t\t\t\t\t<\/div>\n\t\t<\/div>\n\t\t\t\t\t<\/div>\n\t\t<\/section>\n\t\t\t\t\t<\/div>\n\t\t<\/div>\n\t\t\t\t<div class=\"elementor-column elementor-col-50 elementor-top-column elementor-element elementor-element-59c18df6\" data-id=\"59c18df6\" data-element_type=\"column\" data-settings=\"{&quot;background_background&quot;:&quot;classic&quot;}\">\n\t\t\t<div class=\"elementor-widget-wrap elementor-element-populated\">\n\t\t\t\t\t\t<div class=\"elementor-element elementor-element-50550f18 elementor-widget elementor-widget-spacer\" data-id=\"50550f18\" data-element_type=\"widget\" data-widget_type=\"spacer.default\">\n\t\t\t\t<div class=\"elementor-widget-container\">\n\t\t\t\t\t<div class=\"elementor-spacer\">\n\t\t\t<div class=\"elementor-spacer-inner\"><\/div>\n\t\t<\/div>\n\t\t\t\t<\/div>\n\t\t\t\t<\/div>\n\t\t\t\t\t<\/div>\n\t\t<\/div>\n\t\t\t\t\t<\/div>\n\t\t<\/main>\n\t\t\t\t<article class=\"elementor-section elementor-top-section elementor-element elementor-element-4064a7bb elementor-section-boxed elementor-section-height-default elementor-section-height-default\" data-id=\"4064a7bb\" data-element_type=\"section\">\n\t\t\t\t\t\t<div class=\"elementor-container elementor-column-gap-no\">\n\t\t\t\t\t<div class=\"elementor-column elementor-col-100 elementor-top-column elementor-element elementor-element-7de771cf\" data-id=\"7de771cf\" data-element_type=\"column\">\n\t\t\t<div class=\"elementor-widget-wrap elementor-element-populated\">\n\t\t\t\t\t\t<div class=\"elementor-element elementor-element-1fa1977d elementor-widget elementor-widget-text-editor\" data-id=\"1fa1977d\" data-element_type=\"widget\" data-widget_type=\"text-editor.default\">\n\t\t\t\t<div class=\"elementor-widget-container\">\n\t\t\t\t\t\t\t<p>When you hire Fibercom, you can also expect the following:<\/p><p>\u2013 High quality of the products used<br \/>\u2013 cheap offers<br \/>\u2013 Extensive advice<br \/>- Long lifetime<br \/>\u2013 Can be used flexibly<\/p><p>Decide today for the best fiber optic technology<\/p><p>Lead your company into modern times: By installing a fiber optic infrastructure, you not only improve the work processes in your company, but also your overall competitiveness.<\/p><p>Let our experts advise you today to clarify all important questions. We are always at your side with advice and action to offer you the best service.<\/p>\t\t\t\t\t\t<\/div>\n\t\t\t\t<\/div>\n\t\t\t\t\t<\/div>\n\t\t<\/div>\n\t\t\t\t\t<\/div>\n\t\t<\/article>\n\t\t\t\t<\/div>","protected":false},"excerpt":{"rendered":"<p>GLASFASER Die Verwendung von Glasfaser Zus\u00e4tzlich zu den bisher aufgezeigten Vorteilen bei der Nutzung von Glasfaserkabel ergeben sich noch weitere Vorteile, die wir Ihnen kurz aufzeigen m\u00f6chten. Jetzt Starten Bei einer Beauftragung von Fibercom k\u00f6nnen Sie zus\u00e4tzlich wie folgt erwarten: \u2013 Hochwertige Qualit\u00e4t der eingesetzten Produkte\u2013 preisg\u00fcnstige Angebote\u2013 Umfangreiche Beratung\u2013 Lange Lebensdauer\u2013 Flexibel einsetzbar Entscheiden [&hellip;]<\/p>","protected":false},"author":7,"featured_media":0,"parent":0,"menu_order":31,"comment_status":"closed","ping_status":"closed","template":"","meta":[],"acf":[],"_links":{"self":[{"href":"https:\/\/www.fibercom.de\/en\/wp-json\/wp\/v2\/pages\/1342"}],"collection":[{"href":"https:\/\/www.fibercom.de\/en\/wp-json\/wp\/v2\/pages"}],"about":[{"href":"https:\/\/www.fibercom.de\/en\/wp-json\/wp\/v2\/types\/page"}],"author":[{"embeddable":true,"href":"https:\/\/www.fibercom.de\/en\/wp-json\/wp\/v2\/users\/7"}],"replies":[{"embeddable":true,"href":"https:\/\/www.fibercom.de\/en\/wp-json\/wp\/v2\/comments?post=1342"}],"version-history":[{"count":3,"href":"https:\/\/www.fibercom.de\/en\/wp-json\/wp\/v2\/pages\/1342\/revisions"}],"predecessor-version":[{"id":1543,"href":"https:\/\/www.fibercom.de\/en\/wp-json\/wp\/v2\/pages\/1342\/revisions\/1543"}],"wp:attachment":[{"href":"https:\/\/www.fibercom.de\/en\/wp-json\/wp\/v2\/media?parent=1342"}],"curies":[{"name":"wp","href":"https:\/\/api.w.org\/{rel}","templated":true}]}}